{"id":696,"date":"2025-07-26T14:32:15","date_gmt":"2025-07-26T12:32:15","guid":{"rendered":"https:\/\/formartslab.com\/?page_id=696"},"modified":"2025-07-26T19:58:25","modified_gmt":"2025-07-26T17:58:25","slug":"belsoepiteszet","status":"publish","type":"page","link":"https:\/\/formartslab.com\/?page_id=696","title":{"rendered":"Bels\u0151\u00e9p\u00edt\u00e9szet"},"content":{"rendered":"\n<div class=\"wp-block-columns is-layout-flex wp-container-core-columns-is-layout-1 wp-block-columns-is-layout-flex\">\n<div class=\"wp-block-column has-global-padding is-layout-constrained wp-container-core-column-is-layout-1 wp-block-column-is-layout-constrained\" style=\"padding-right:0;padding-left:0;font-size:clamp(18.959px, 1.185rem + ((1vw - 3.2px) * 1.15), 30px);flex-basis:30%\">\n<h2 class=\"wp-block-heading has-contrast-color has-text-color has-link-color wp-elements-aae8b397025c6e6c13c9f52b0b46aa31\" style=\"border-style:none;border-width:0px;border-radius:0px;margin-top:0;margin-right:0;margin-bottom:0;margin-left:0;padding-top:0;padding-right:0;padding-bottom:0;padding-left:0;font-size:clamp(4.846rem, 4.846rem + ((1vw - 0.2rem) * 10.257), 11rem);font-style:normal;font-weight:600;writing-mode:vertical-rl\">Bels\u0151\u00e9p\u00edt\u00e9szet<\/h2>\n<\/div>\n\n\n\n<div class=\"wp-block-column is-layout-flow wp-container-core-column-is-layout-2 wp-block-column-is-layout-flow\" style=\"padding-top:0;padding-right:0;padding-bottom:0;padding-left:0;flex-basis:66.66%\">\n<figure class=\"wp-block-gallery has-nested-images columns-default is-cropped wp-block-gallery-1 is-layout-flex wp-block-gallery-is-layout-flex\">\n<figure class=\"wp-block-image size-large\"><img loading=\"lazy\" decoding=\"async\" width=\"2560\" height=\"1508\" src=\"https:\/\/formartslab.com\/wp-content\/uploads\/2025\/07\/K.png\" alt=\"\" class=\"wp-image-617\" srcset=\"https:\/\/formartslab.com\/wp-content\/uploads\/2025\/07\/K.png 2560w, https:\/\/formartslab.com\/wp-content\/uploads\/2025\/07\/K-300x177.png 300w, https:\/\/formartslab.com\/wp-content\/uploads\/2025\/07\/K-768x452.png 768w, https:\/\/formartslab.com\/wp-content\/uploads\/2025\/07\/K-1536x905.png 1536w, https:\/\/formartslab.com\/wp-content\/uploads\/2025\/07\/K-2048x1206.png 2048w\" sizes=\"auto, (max-width: 2560px) 100vw, 2560px\" \/><\/figure>\n\n\n\n<figure class=\"wp-block-image size-large\"><img loading=\"lazy\" decoding=\"async\" width=\"2560\" height=\"1721\" src=\"https:\/\/formartslab.com\/wp-content\/uploads\/2025\/07\/H.png\" alt=\"\" class=\"wp-image-615\" srcset=\"https:\/\/formartslab.com\/wp-content\/uploads\/2025\/07\/H.png 2560w, https:\/\/formartslab.com\/wp-content\/uploads\/2025\/07\/H-300x202.png 300w, https:\/\/formartslab.com\/wp-content\/uploads\/2025\/07\/H-768x516.png 768w, https:\/\/formartslab.com\/wp-content\/uploads\/2025\/07\/H-1536x1033.png 1536w, https:\/\/formartslab.com\/wp-content\/uploads\/2025\/07\/H-2048x1377.png 2048w\" sizes=\"auto, (max-width: 2560px) 100vw, 2560px\" \/><\/figure>\n\n\n\n<figure class=\"wp-block-image size-large\"><img loading=\"lazy\" decoding=\"async\" width=\"2560\" height=\"1721\" src=\"https:\/\/formartslab.com\/wp-content\/uploads\/2025\/07\/E.png\" alt=\"\" class=\"wp-image-613\" srcset=\"https:\/\/formartslab.com\/wp-content\/uploads\/2025\/07\/E.png 2560w, https:\/\/formartslab.com\/wp-content\/uploads\/2025\/07\/E-300x202.png 300w, https:\/\/formartslab.com\/wp-content\/uploads\/2025\/07\/E-768x516.png 768w, https:\/\/formartslab.com\/wp-content\/uploads\/2025\/07\/E-1536x1033.png 1536w, https:\/\/formartslab.com\/wp-content\/uploads\/2025\/07\/E-2048x1377.png 2048w\" sizes=\"auto, (max-width: 2560px) 100vw, 2560px\" \/><\/figure>\n\n\n\n<figure class=\"wp-block-image size-large\"><img loading=\"lazy\" decoding=\"async\" width=\"2524\" height=\"1508\" src=\"https:\/\/formartslab.com\/wp-content\/uploads\/2025\/07\/J.png\" alt=\"\" class=\"wp-image-611\" srcset=\"https:\/\/formartslab.com\/wp-content\/uploads\/2025\/07\/J.png 2524w, https:\/\/formartslab.com\/wp-content\/uploads\/2025\/07\/J-300x179.png 300w, https:\/\/formartslab.com\/wp-content\/uploads\/2025\/07\/J-768x459.png 768w, https:\/\/formartslab.com\/wp-content\/uploads\/2025\/07\/J-1536x918.png 1536w, https:\/\/formartslab.com\/wp-content\/uploads\/2025\/07\/J-2048x1224.png 2048w\" sizes=\"auto, (max-width: 2524px) 100vw, 2524px\" \/><\/figure>\n\n\n\n<figure class=\"wp-block-image size-large\"><img loading=\"lazy\" decoding=\"async\" width=\"2560\" height=\"1508\" src=\"https:\/\/formartslab.com\/wp-content\/uploads\/2025\/07\/I.png\" alt=\"\" class=\"wp-image-612\" srcset=\"https:\/\/formartslab.com\/wp-content\/uploads\/2025\/07\/I.png 2560w, https:\/\/formartslab.com\/wp-content\/uploads\/2025\/07\/I-300x177.png 300w, https:\/\/formartslab.com\/wp-content\/uploads\/2025\/07\/I-768x452.png 768w, https:\/\/formartslab.com\/wp-content\/uploads\/2025\/07\/I-1536x905.png 1536w, https:\/\/formartslab.com\/wp-content\/uploads\/2025\/07\/I-2048x1206.png 2048w\" sizes=\"auto, (max-width: 2560px) 100vw, 2560px\" \/><\/figure>\n<\/figure>\n<\/div>\n<\/div>\n","protected":false},"excerpt":{"rendered":"<p>Bels\u0151\u00e9p\u00edt\u00e9szet<\/p>\n","protected":false},"author":5,"featured_media":0,"parent":0,"menu_order":0,"comment_status":"closed","ping_status":"closed","template":"page-no-title","meta":{"footnotes":""},"class_list":["post-696","page","type-page","status-publish","hentry"],"_links":{"self":[{"href":"https:\/\/formartslab.com\/index.php?rest_route=\/wp\/v2\/pages\/696","targetHints":{"allow":["GET"]}}],"collection":[{"href":"https:\/\/formartslab.com\/index.php?rest_route=\/wp\/v2\/pages"}],"about":[{"href":"https:\/\/formartslab.com\/index.php?rest_route=\/wp\/v2\/types\/page"}],"author":[{"embeddable":true,"href":"https:\/\/formartslab.com\/index.php?rest_route=\/wp\/v2\/users\/5"}],"replies":[{"embeddable":true,"href":"https:\/\/formartslab.com\/index.php?rest_route=%2Fwp%2Fv2%2Fcomments&post=696"}],"version-history":[{"count":2,"href":"https:\/\/formartslab.com\/index.php?rest_route=\/wp\/v2\/pages\/696\/revisions"}],"predecessor-version":[{"id":839,"href":"https:\/\/formartslab.com\/index.php?rest_route=\/wp\/v2\/pages\/696\/revisions\/839"}],"wp:attachment":[{"href":"https:\/\/formartslab.com\/index.php?rest_route=%2Fwp%2Fv2%2Fmedia&parent=696"}],"curies":[{"name":"wp","href":"https:\/\/api.w.org\/{rel}","templated":true}]}}