{"id":651,"date":"2025-07-23T08:31:10","date_gmt":"2025-07-23T06:31:10","guid":{"rendered":"https:\/\/formartslab.com\/?page_id=651"},"modified":"2025-07-26T20:18:31","modified_gmt":"2025-07-26T18:18:31","slug":"form-arts-lab","status":"publish","type":"page","link":"https:\/\/formartslab.com\/?page_id=651","title":{"rendered":"FAL"},"content":{"rendered":"\n<div class=\"wp-block-columns is-layout-flex wp-container-core-columns-is-layout-1 wp-block-columns-is-layout-flex\">\n<div class=\"wp-block-column is-vertically-aligned-stretch is-layout-flow wp-container-core-column-is-layout-1 wp-block-column-is-layout-flow\" style=\"padding-right:0;padding-left:0;flex-basis:20%\">\n<h1 class=\"wp-block-heading has-text-align-left has-contrast-color has-text-color has-link-color wp-elements-8d20bb2e22305ef7bd00d6f0bdb66c7b\" style=\"margin-top:0;margin-right:var(--wp--preset--spacing--10);margin-left:var(--wp--preset--spacing--10);font-size:clamp(3.8rem, 3.8rem + ((1vw - 0.2rem) * 7), 8rem);font-style:normal;font-weight:600;line-height:1;text-transform:capitalize;writing-mode:vertical-rl\">Form Arts Lab<\/h1>\n<\/div>\n\n\n\n<div class=\"wp-block-column is-vertically-aligned-top is-layout-flow wp-block-column-is-layout-flow\" style=\"flex-basis:70%\">\n<figure class=\"wp-block-image alignright size-full is-style-rounded is-style-rounded--1\" style=\"margin-top:var(--wp--preset--spacing--20);margin-right:0;margin-bottom:var(--wp--preset--spacing--20);margin-left:0\"><img loading=\"lazy\" decoding=\"async\" width=\"2560\" height=\"1724\" src=\"https:\/\/formartslab.com\/wp-content\/uploads\/2025\/07\/81.jpg\" alt=\"\" class=\"wp-image-672\" style=\"aspect-ratio:1.5;object-fit:cover\" srcset=\"https:\/\/formartslab.com\/wp-content\/uploads\/2025\/07\/81.jpg 2560w, https:\/\/formartslab.com\/wp-content\/uploads\/2025\/07\/81-300x202.jpg 300w, https:\/\/formartslab.com\/wp-content\/uploads\/2025\/07\/81-768x517.jpg 768w, https:\/\/formartslab.com\/wp-content\/uploads\/2025\/07\/81-1536x1034.jpg 1536w, https:\/\/formartslab.com\/wp-content\/uploads\/2025\/07\/81-2048x1379.jpg 2048w\" sizes=\"auto, (max-width: 2560px) 100vw, 2560px\" \/><\/figure>\n\n\n\n<p class=\"has-text-align-right has-contrast-color has-text-color has-link-color has-medium-font-size wp-elements-040eecf2a51560eae4872e4060bcda61\" style=\"border-style:none;border-width:0px;margin-top:0;margin-right:0;margin-bottom:0;margin-left:0;padding-top:0;padding-bottom:0;font-style:normal;font-weight:200;letter-spacing:3px\">A tervez\u00e9s komplex, t\u00f6bbr\u00e9teg\u0171 folyamat, amelyben az \u00e9p\u00edt\u00e9szet meghat\u00e1rozza a t\u00e9r alapstrukt\u00far\u00e1j\u00e1t, funkcion\u00e1lis \u00e9s formai kereteit. A bels\u0151\u00e9p\u00edt\u00e9szet erre a t\u00e9rszerkezetre \u00e9p\u00edtve alak\u00edtja ki az emberi haszn\u00e1latra optimaliz\u00e1lt, eszt\u00e9tikailag \u00e9s ergon\u00f3miailag is kifinomult k\u00f6rnyezetet. A l\u00e1tv\u00e1nytervez\u00e9s mint vizu\u00e1lis kommunik\u00e1ci\u00f3s eszk\u00f6z m\u00e1r a korai f\u00e1zisban k\u00e9pes \u00e9rz\u00e9keltetni a k\u00e9sz\u00fcl\u0151 t\u00e9r atmoszf\u00e9r\u00e1j\u00e1t, anyaghaszn\u00e1lat\u00e1t \u00e9s t\u00e9r\u00e9rzet\u00e9t \u2013 ezzel t\u00e1mogatva a d\u00f6nt\u00e9shozatalt, valamint a tervez\u0151i sz\u00e1nd\u00e9k pontos \u00e9rtelmez\u00e9s\u00e9t.<\/p>\n<\/div>\n<\/div>\n","protected":false},"excerpt":{"rendered":"<p>Form Arts Lab A tervez\u00e9s komplex, t\u00f6bbr\u00e9teg\u0171 folyamat, amelyben az \u00e9p\u00edt\u00e9szet meghat\u00e1rozza a t\u00e9r alapstrukt\u00far\u00e1j\u00e1t, funkcion\u00e1lis \u00e9s formai kereteit. A bels\u0151\u00e9p\u00edt\u00e9szet erre a t\u00e9rszerkezetre \u00e9p\u00edtve alak\u00edtja ki az emberi haszn\u00e1latra optimaliz\u00e1lt, eszt\u00e9tikailag \u00e9s ergon\u00f3miailag is kifinomult k\u00f6rnyezetet. A l\u00e1tv\u00e1nytervez\u00e9s mint vizu\u00e1lis kommunik\u00e1ci\u00f3s eszk\u00f6z m\u00e1r a korai f\u00e1zisban k\u00e9pes \u00e9rz\u00e9keltetni a k\u00e9sz\u00fcl\u0151 t\u00e9r atmoszf\u00e9r\u00e1j\u00e1t, anyaghaszn\u00e1lat\u00e1t \u00e9s [&hellip;]<\/p>\n","protected":false},"author":5,"featured_media":491,"parent":0,"menu_order":0,"comment_status":"closed","ping_status":"closed","template":"","meta":{"footnotes":""},"class_list":["post-651","page","type-page","status-publish","has-post-thumbnail","hentry"],"_links":{"self":[{"href":"https:\/\/formartslab.com\/index.php?rest_route=\/wp\/v2\/pages\/651","targetHints":{"allow":["GET"]}}],"collection":[{"href":"https:\/\/formartslab.com\/index.php?rest_route=\/wp\/v2\/pages"}],"about":[{"href":"https:\/\/formartslab.com\/index.php?rest_route=\/wp\/v2\/types\/page"}],"author":[{"embeddable":true,"href":"https:\/\/formartslab.com\/index.php?rest_route=\/wp\/v2\/users\/5"}],"replies":[{"embeddable":true,"href":"https:\/\/formartslab.com\/index.php?rest_route=%2Fwp%2Fv2%2Fcomments&post=651"}],"version-history":[{"count":18,"href":"https:\/\/formartslab.com\/index.php?rest_route=\/wp\/v2\/pages\/651\/revisions"}],"predecessor-version":[{"id":861,"href":"https:\/\/formartslab.com\/index.php?rest_route=\/wp\/v2\/pages\/651\/revisions\/861"}],"wp:featuredmedia":[{"embeddable":true,"href":"https:\/\/formartslab.com\/index.php?rest_route=\/wp\/v2\/media\/491"}],"wp:attachment":[{"href":"https:\/\/formartslab.com\/index.php?rest_route=%2Fwp%2Fv2%2Fmedia&parent=651"}],"curies":[{"name":"wp","href":"https:\/\/api.w.org\/{rel}","templated":true}]}}